{"id":6,"date":"2010-01-26T11:54:01","date_gmt":"2010-01-26T11:54:01","guid":{"rendered":"http:\/\/misqigong\/?page_id=6"},"modified":"2010-03-21T22:57:40","modified_gmt":"2010-03-21T21:57:40","slug":"om-foretaget","status":"publish","type":"page","link":"https:\/\/misqigong.se\/?page_id=6","title":{"rendered":"Om f\u00f6retaget"},"content":{"rendered":"<p><a href=\"http:\/\/misqigong.se\/wp-content\/uploads\/2010\/01\/image1_1251145044-225x300.jpg\"><img decoding=\"async\" loading=\"lazy\" class=\"alignleft size-full wp-image-96\" title=\"image1_1251145044-225x300\" src=\"http:\/\/misqigong.se\/wp-content\/uploads\/2010\/01\/image1_1251145044-225x300.jpg\" alt=\"\" width=\"225\" height=\"300\" \/><\/a>Mi&#8217;s Qigong och Coaching erbjuder Qigongevent till f\u00f6retag och privata grupper samt personlig Coaching.<\/p>\n<p>F\u00f6retaget startades 2008 och drivs av Mi Eriksson.<\/p>\n<p>Jag har ut\u00f6vat qigong sedan 1998. Jag leder qigongklasser flera g\u00e5nger i veckan och h\u00e5ller i enskilda kurser. Jag coachar m\u00e4nniskor i olika \u00e5ldrar inom olika branscher. Vi arbetar med fr\u00e5gor relaterade b\u00e5de till ditt arbetsliv och probleml\u00f6sningar i ditt privata liv.<\/p>\n<p>Mi&#8217;s Qigong och Coaching hj\u00e4lper dig och ditt f\u00f6retag, att motverka stress\u00a0och\u00a0bidra till en god h\u00e4lsa\u00a0samt att s\u00e4tta dig sj\u00e4lv och dina behov i fokus.<\/p>\n<p>Ge dig sj\u00e4lv tid f\u00f6r att stanna upp i vardagen. Fundera p\u00e5 vad som \u00e4r viktigt f\u00f6r dig och vad som ger dig\u00a0verklig livsgl\u00e4dje.<\/p>\n<p>Att avs\u00e4tta tid f\u00f6r sig sj\u00e4lv och sin egen utveckling genom personlig coaching kan vara en v\u00e4g till att l\u00e4ttare n\u00e5 dit du vill.<\/p>\n<p>Jag har genomg\u00e5tt TaiChiAkademiens instrukt\u00f6rs utbildning i qigong. Mi&#8217;s Qigong till\u00e4mpar en kombination av &#8221;fem djurens lek&#8221; och TaiChiqigong&#8221;.<\/p>\n<p>Jag har en Master Practitioner i Coaching och en NLP Practitioner fr\u00e5n Coach2Coach Academy AB, d\u00e4r jag kontinuerligt vidareutbildar mig. Jag har \u00e4ven utbildats av Robert Dilts och Shelle Rose Charvet. Dessutom \u00e4r jag en av Coach2Coach anlitade assistenter.<\/p>\n","protected":false},"excerpt":{"rendered":"<p>Mi&#8217;s Qigong och Coaching erbjuder Qigongevent till f\u00f6retag och privata grupper samt personlig Coaching. F\u00f6retaget startades 2008 och drivs av Mi Eriksson. Jag har ut\u00f6vat qigong sedan 1998. Jag leder qigongklasser flera g\u00e5nger i veckan och h\u00e5ller i enskilda kurser. Jag coachar m\u00e4nniskor i olika \u00e5ldrar inom olika branscher. Vi arbetar med fr\u00e5gor relaterade b\u00e5de [&hellip;]<\/p>\n","protected":false},"author":1,"featured_media":0,"parent":0,"menu_order":4,"comment_status":"closed","ping_status":"open","template":"","meta":[],"_links":{"self":[{"href":"https:\/\/misqigong.se\/index.php?rest_route=\/wp\/v2\/pages\/6"}],"collection":[{"href":"https:\/\/misqigong.se\/index.php?rest_route=\/wp\/v2\/pages"}],"about":[{"href":"https:\/\/misqigong.se\/index.php?rest_route=\/wp\/v2\/types\/page"}],"author":[{"embeddable":true,"href":"https:\/\/misqigong.se\/index.php?rest_route=\/wp\/v2\/users\/1"}],"replies":[{"embeddable":true,"href":"https:\/\/misqigong.se\/index.php?rest_route=%2Fwp%2Fv2%2Fcomments&post=6"}],"version-history":[{"count":7,"href":"https:\/\/misqigong.se\/index.php?rest_route=\/wp\/v2\/pages\/6\/revisions"}],"predecessor-version":[{"id":56,"href":"https:\/\/misqigong.se\/index.php?rest_route=\/wp\/v2\/pages\/6\/revisions\/56"}],"wp:attachment":[{"href":"https:\/\/misqigong.se\/index.php?rest_route=%2Fwp%2Fv2%2Fmedia&parent=6"}],"curies":[{"name":"wp","href":"https:\/\/api.w.org\/{rel}","templated":true}]}}