{"id":2,"date":"2010-01-26T09:45:18","date_gmt":"2010-01-26T09:45:18","guid":{"rendered":"http:\/\/misqigong\/?page_id=2"},"modified":"2010-04-01T22:47:40","modified_gmt":"2010-04-01T20:47:40","slug":"om","status":"publish","type":"page","link":"https:\/\/misqigong.se\/?page_id=2","title":{"rendered":"Qigong"},"content":{"rendered":"<h2>Qigong som tr\u00e4ningsform<\/h2>\n<p>Qigong \u00e4r en tr\u00e4ningsform som kan passa f\u00f6r alla &#8211; oavsett \u00e5lder och k\u00f6n. Qigongen kan ut\u00f6vas var som helst i grupp eller enskilt. Du beh\u00f6ver inga redskap eller tillbeh\u00f6r.\u00a0Det g\u00e5r bra att g\u00f6ra Qigong\u00a0i dina &#8221;vanliga kl\u00e4der&#8221;. T\u00e4nkv\u00e4rt \u00e4r dock att\u00a0ha en l\u00f6s och ledig kl\u00e4dsel d\u00e4r du kan r\u00f6ra dig fritt.<\/p>\n<p>Ett qigongpass brukar\u00a0oftast vara 1 timme l\u00e5ngt och inneh\u00e5ller en kortare teoretisk genomg\u00e5ng om vad Qigong \u00e4r och hur det fungerar,\u00a0f\u00f6ljt av\u00a0Qigongr\u00f6relser enligt &#8221;\u00a0fem djurens lek&#8221; kombinerat med Taichiqigong, en avslappningsdel med Mental tr\u00e4ning samt Do-In, japansk sj\u00e4lvmassage.<\/p>\n<h2><a href=\"http:\/\/misqigong.se\/wp-content\/uploads\/2010\/01\/image1_1252760596-300x225.jpg\"><img decoding=\"async\" loading=\"lazy\" width=\"300\" height=\"225\" class=\"alignleft size-full wp-image-70\" title=\"image1_1252760596-300x225\" src=\"http:\/\/misqigong.se\/wp-content\/uploads\/2010\/01\/image1_1252760596-300x225.jpg\" alt=\"\" \/><\/a>Vad \u00e4r\u00a0Qigong?<\/h2>\n<p>Ordet qigong \u00e4r bildat av tv\u00e5 kinesiska tecken; Qi kan \u00f6vers\u00e4ttas med energi, syre, andning eller livskraft och Gong med tr\u00e4ning, arbete eller upprepning.<\/p>\n<p>Qigong\u00a0\u00e4r f\u00f6r mig ett tillst\u00e5nd av lugn och stillhet p\u00e5 samma g\u00e5ng som det \u00e4r ett tillst\u00e5nd av kraft och energi.<\/p>\n<p>Enligt kinesisk filosofi och medicin s\u00e4gs\u00a0Qi fl\u00f6da l\u00e4ngs med tolv meridianer\u00a0(kanaler) i kroppen och ha sitt centra\u00a0strax (3 cm) nedanf\u00f6r naveln. Detta omr\u00e5de brukar kallas f\u00f6r dantian.<\/p>\n<p>Kineserna anser att man kan f\u00e5 sin Qi fr\u00e5n fyra olika k\u00e4llor:<\/p>\n<p>1.Via arvsanlag<br \/>\n2.Genom mat och dryck<br \/>\n3.Genom tr\u00e4ning<br \/>\n4.Genom vila<\/p>\n<p>Qigongen kommer ifr\u00e5n Kina och \u00e4r en minst 3000 \u00e5r gammal tradition. Varje dag b\u00f6rjar miljontals m\u00e4nniskor i Kina sin dag med qigong. Det \u00e4r ingen ovanlig syn att se en grupp ut\u00f6va l\u00e5ngsamma r\u00f6relser i parkerna.<\/p>\n<h2><a href=\"http:\/\/misqigong.se\/wp-content\/uploads\/2010\/01\/image1_1250414694-201x300.jpg\"><img decoding=\"async\" loading=\"lazy\" class=\"alignright size-full wp-image-68\" title=\"image1_1250414694-201x300\" src=\"http:\/\/misqigong.se\/wp-content\/uploads\/2010\/01\/image1_1250414694-201x300.jpg\" alt=\"\" width=\"201\" height=\"300\" \/><\/a>Hur fungerar Qigong?<\/h2>\n<p>Qigong \u00e4r en form av sj\u00e4lvl\u00e4kning. Genom regelbunden tr\u00e4ning kan du st\u00e4rka dig sj\u00e4lv b\u00e5de fysiskt och mentalt. \u00d6vningarna syftar till att st\u00e4rka din motst\u00e5ndskraft och h\u00f6ja ditt imunf\u00f6rsvar.<\/p>\n<p>Tr\u00e4ningen fungerar perfekt som rehabilitering och f\u00f6r, att l\u00e4gga grunden till en\u00a0 god h\u00e4lsa. Den anses till och med kunna f\u00f6rl\u00e4nga livet.<\/p>\n<p>Qigongen \u00e4r lugna och stillsamma r\u00f6relser d\u00e4r man fokuserar p\u00e5 sin egen andning, koncentration, balans och koordination.<\/p>\n<p>Den \u00e4r stressreducerande, sp\u00e4nningsl\u00f6sande och energih\u00f6jande.\u00a0I f\u00f6rl\u00e4ngningen \u00e4r tr\u00e4ningen \u00e4ven JAG-st\u00e4rkande. Vid ut\u00f6vandet av qigong \u00e4r det inte ovanligt att du kan k\u00e4nna hur du blir varm och\u00a0att det pirrar i fingrar och kropp. En naturlig k\u00e4nsla n\u00e4r blodfl\u00f6det kommer ig\u00e5ng.<\/p>\n<p>De lugna r\u00f6relserna och den djupa andningen g\u00f6r att det skapas mera syre\u00a0till blodet, vilket pumpas\u00a0ut till alla muskler och celler i kroppen.<\/p>\n<p>Det ska hela tiden k\u00e4nnas behagligt f\u00f6r ut\u00f6varen, d\u00e4rf\u00f6r \u00e4r det extra viktigt att hitta sin egen hastighet i b\u00e5de andning och r\u00f6relse. Qigong instrukt\u00f6ren \u00e4r bara ett st\u00f6d och fungerar som en v\u00e4gledare.<\/p>\n<h2><a href=\"http:\/\/misqigong.se\/wp-content\/uploads\/2010\/01\/image1_1250414809-240x300.jpg\"><img decoding=\"async\" loading=\"lazy\" class=\"alignright size-full wp-image-75\" title=\"image1_1250414809-240x300\" src=\"http:\/\/misqigong.se\/wp-content\/uploads\/2010\/01\/image1_1250414809-240x300.jpg\" alt=\"\" width=\"240\" height=\"300\" \/><\/a>N\u00e4r och hur ska jag \u00f6va?<\/h2>\n<p>Jag rekommenderar kontunerlig, daglig tr\u00e4ning, vilket ger den b\u00e4sta effekten. Tr\u00e4na hellre en kortare tid n\u00e4r som helst p\u00e5 dygnet, men regelbundet. B\u00e4r kl\u00e4der som sitter l\u00f6st och ledigt. V\u00e4lj helst en\u00a0stillsam plats, antingen inomhus eller utomhus, d\u00e4r du kan koppla av. Anv\u00e4nd g\u00e4rna n\u00e5gon lugn musik eller l\u00e5t det vara tyst.<\/p>\n<p>F\u00f6rs\u00f6k att koppla bort alla tankar runt omrkring och fokusera bara p\u00e5 din egen andning och p\u00e5 r\u00f6relsen. L\u00e5t tr\u00e4ningen hela tiden vara lustfylld.<\/p>\n<p>Ett utm\u00e4rkt komplement f\u00f6r ett optimalt resultat \u00e4r avslappning, mediation och mental tr\u00e4ning s\u00e5som visualiserings\u00f6vningar, m\u00e5lbildstr\u00e4ning och affirmationer.<\/p>\n<h2>Olika typer av Qigong<\/h2>\n<p>Det finns tusentals olika varianter av qigong, oftast brukar man dela in dem i fem skolor: den daoistiska, buddhistiska, konfucianistiska, medicinska och kampsportskolan. Alla typer av qigong har dock det gemensamma, att de syftar till ett fysiskt och mentalt v\u00e4lbefinnande.<\/p>\n<p>Det finns tv\u00e5 s\u00e4tt att utf\u00f6ra qigong, ett aktivt och ett passivt. Aktiv Qigong innefattar r\u00f6relser som relaterar till akupunkturpunkter och meridianer, vilka st\u00e4rker de inre organen.<\/p>\n<p>Passiv Qigong best\u00e5r av meditation &#8211; sittande, liggande eller st\u00e5ende.<\/p>\n<h2>\u00d6sterl\u00e4ndskt t\u00e4nkande &#8211; Yin och Yang<\/h2>\n<p><a href=\"http:\/\/misqigong.se\/wp-content\/uploads\/2010\/01\/2Irland_085.jpg\"><img decoding=\"async\" loading=\"lazy\" class=\"alignright size-medium wp-image-29\" title=\"2Irland_085\" src=\"http:\/\/misqigong.se\/wp-content\/uploads\/2010\/01\/2Irland_085-225x300.jpg\" alt=\"\" width=\"225\" height=\"300\" srcset=\"https:\/\/misqigong.se\/wp-content\/uploads\/2010\/01\/2Irland_085-225x300.jpg 225w, https:\/\/misqigong.se\/wp-content\/uploads\/2010\/01\/2Irland_085-768x1024.jpg 768w, https:\/\/misqigong.se\/wp-content\/uploads\/2010\/01\/2Irland_085.jpg 900w\" sizes=\"(max-width: 225px) 100vw, 225px\" \/><\/a>Kinesisk filosofi och kultur bygger p\u00e5 <em>yin<\/em> och <em>yang<\/em>. Orden betyder skuggsidan respektive solsidan av en kulle. Enligt det \u00f6sterl\u00e4ndska t\u00e4nkandet\u00a0m\u00e5ste det hela tiden finnas tv\u00e5 balanserade sidor av alla situationer, till exempel man och kvinna, m\u00f6rk och ljus, l\u00e5ng och kort, kall och varm &#8211; listan kan forts\u00e4tta i all o\u00e4ndlighet.<\/p>\n<p>Kineserna \u00f6verf\u00f6rde \u00e4ven principen till m\u00e4nniskorna. Vissa organ ans\u00e5gs ha passiva yinegenskaper och andra var av aktiv yangtyp. N\u00e4r balansen mellan de b\u00e5da polerna rubbats uppstod sjukdomar.<\/p>\n<p>N\u00e4r oblans uppst\u00e5r mellan yin och yang \u00e4r anledningen oftast en blockering som uppst\u00e5tt i n\u00e5gon av qi-kanalerna. Blockleringar kan avl\u00e4gsnas genom t ex qigong och mediation, vilket man sj\u00e4lv ut\u00f6var. Vill du hellre erh\u00e5lla behandling kan\u00a0du f\u00e5 detta genom akupunktur, akupressur och\/eller japansk shiatsu massage.<\/p>\n","protected":false},"excerpt":{"rendered":"<p>Qigong som tr\u00e4ningsform Qigong \u00e4r en tr\u00e4ningsform som kan passa f\u00f6r alla &#8211; oavsett \u00e5lder och k\u00f6n. Qigongen kan ut\u00f6vas var som helst i grupp eller enskilt. Du beh\u00f6ver inga redskap eller tillbeh\u00f6r.\u00a0Det g\u00e5r bra att g\u00f6ra Qigong\u00a0i dina &#8221;vanliga kl\u00e4der&#8221;. T\u00e4nkv\u00e4rt \u00e4r dock att\u00a0ha en l\u00f6s och ledig kl\u00e4dsel d\u00e4r du kan r\u00f6ra dig [&hellip;]<\/p>\n","protected":false},"author":1,"featured_media":0,"parent":0,"menu_order":1,"comment_status":"closed","ping_status":"open","template":"","meta":[],"_links":{"self":[{"href":"https:\/\/misqigong.se\/index.php?rest_route=\/wp\/v2\/pages\/2"}],"collection":[{"href":"https:\/\/misqigong.se\/index.php?rest_route=\/wp\/v2\/pages"}],"about":[{"href":"https:\/\/misqigong.se\/index.php?rest_route=\/wp\/v2\/types\/page"}],"author":[{"embeddable":true,"href":"https:\/\/misqigong.se\/index.php?rest_route=\/wp\/v2\/users\/1"}],"replies":[{"embeddable":true,"href":"https:\/\/misqigong.se\/index.php?rest_route=%2Fwp%2Fv2%2Fcomments&post=2"}],"version-history":[{"count":19,"href":"https:\/\/misqigong.se\/index.php?rest_route=\/wp\/v2\/pages\/2\/revisions"}],"predecessor-version":[{"id":14,"href":"https:\/\/misqigong.se\/index.php?rest_route=\/wp\/v2\/pages\/2\/revisions\/14"}],"wp:attachment":[{"href":"https:\/\/misqigong.se\/index.php?rest_route=%2Fwp%2Fv2%2Fmedia&parent=2"}],"curies":[{"name":"wp","href":"https:\/\/api.w.org\/{rel}","templated":true}]}}